{"id":111,"date":"2017-01-03T16:34:36","date_gmt":"2017-01-03T16:34:36","guid":{"rendered":"http:\/\/foxthemes.com\/web\/wp\/prague.1.2.0\/?page_id=111"},"modified":"2019-01-23T13:36:05","modified_gmt":"2019-01-23T10:36:05","slug":"ym-mimarlik","status":"publish","type":"page","link":"http:\/\/yapimekan.com.tr\/index.php\/ym-mimarlik\/","title":{"rendered":"Yap\u0131mekan Mimarl\u0131k"},"content":{"rendered":"<p>[vc_row full_width=&#8221;stretch_row_content_no_spaces&#8221;][vc_column][vc_banner_title color_style=&#8221;light&#8221; heading_size=&#8221;h4&#8243; img=&#8221;3202&#8243; enable_overlay=&#8221;true&#8221; enable_fullheight=&#8221;true&#8221; columns=&#8221;%5B%7B%7D%5D&#8221;]<\/p>\n<h3 style=\"text-align: center;\"><span style=\"color: #ffffff;\">H A K K I M I Z D A<\/span><\/h3>\n<p style=\"text-align: center;\">Mimari k\u00fclt\u00fcr\u00fcm\u00fcz ve birikimlerimizin \u0131\u015f\u0131\u011f\u0131nda \u00e7evreye duyarl\u0131, insanlar\u0131n hayat kalitesini y\u00fckseltecek \u00e7a\u011fda\u015f proje, mekan ve yap\u0131lar tasarlamak amac\u0131yla yolumuza 1989 y\u0131l\u0131ndan itibaren emin ad\u0131mlarla devam ediyoruz.\u00a0T\u00fcm h\u0131z\u0131yla s\u00fcren inovasyon \u00e7a\u011f\u0131nda mimarl\u0131k ve in\u015faat sekt\u00f6r\u00fcn\u00fcn yeniliklerini takip ederek her bir projemizde en uygun teknik ve teknolojik yakla\u015f\u0131mlar\u0131 kullanmaya \u00f6zen g\u00f6steriyoruz. Mimari anlay\u0131\u015f\u0131m\u0131zdaki en \u00f6nemli unsurun geleneksel ve modernin birbirinin tamamlay\u0131c\u0131s\u0131 oldu\u011funu kabul ile hareket etmek oldu\u011funa inan\u0131yoruz.<\/p>\n<p style=\"text-align: center;\">\u00a0Kurulu\u015fundan bu yana yurt i\u00e7i ve yurt d\u0131\u015f\u0131nda \u00f6zel ve kamu sekt\u00f6r\u00fcne ait bir\u00e7ok projeye imza atan Yap\u0131mekan Mimarl\u0131k;\u00a0 mimari ve i\u00e7 mimari proje, uygulama, restorasyon, taahh\u00fct, ve dan\u0131\u015fmanl\u0131k hizmetleri gibi hizmetler vermektedir. \u0130\u015flerimizin her a\u015famas\u0131nda kaliteli ve uygun malzeme se\u00e7imi, titiz b\u00fct\u00e7elendirme, uygulamada kaliteli i\u015f\u00e7ilik ve i\u015fin zaman\u0131nda teslimi konular\u0131n\u0131 kendisine prensip edinmi\u015ftir.<\/p>\n<p>[\/vc_banner_title][\/vc_column][\/vc_row]<\/p>\n","protected":false},"excerpt":{"rendered":"<p>[vc_row full_width=&#8221;stretch_row_content_no_spaces&#8221;][vc_column][vc_banner_title color_style=&#8221;light&#8221; heading_size=&#8221;h4&#8243; img=&#8221;3202&#8243; enable_overlay=&#8221;true&#8221; enable_fullheight=&#8221;true&#8221; columns=&#8221;%5B%7B%7D%5D&#8221;] H A K K I M I Z D A Mimari k\u00fclt\u00fcr\u00fcm\u00fcz<\/p>\n","protected":false},"author":1,"featured_media":0,"parent":0,"menu_order":0,"comment_status":"closed","ping_status":"closed","template":"","meta":{"footnotes":""},"class_list":["post-111","page","type-page","status-publish","hentry"],"_links":{"self":[{"href":"http:\/\/yapimekan.com.tr\/index.php\/wp-json\/wp\/v2\/pages\/111","targetHints":{"allow":["GET"]}}],"collection":[{"href":"http:\/\/yapimekan.com.tr\/index.php\/wp-json\/wp\/v2\/pages"}],"about":[{"href":"http:\/\/yapimekan.com.tr\/index.php\/wp-json\/wp\/v2\/types\/page"}],"author":[{"embeddable":true,"href":"http:\/\/yapimekan.com.tr\/index.php\/wp-json\/wp\/v2\/users\/1"}],"replies":[{"embeddable":true,"href":"http:\/\/yapimekan.com.tr\/index.php\/wp-json\/wp\/v2\/comments?post=111"}],"version-history":[{"count":112,"href":"http:\/\/yapimekan.com.tr\/index.php\/wp-json\/wp\/v2\/pages\/111\/revisions"}],"predecessor-version":[{"id":3611,"href":"http:\/\/yapimekan.com.tr\/index.php\/wp-json\/wp\/v2\/pages\/111\/revisions\/3611"}],"wp:attachment":[{"href":"http:\/\/yapimekan.com.tr\/index.php\/wp-json\/wp\/v2\/media?parent=111"}],"curies":[{"name":"wp","href":"https:\/\/api.w.org\/{rel}","templated":true}]}}