{"id":519,"date":"2017-01-16T13:25:34","date_gmt":"2017-01-16T13:25:34","guid":{"rendered":"http:\/\/foxthemes.com\/web\/wp\/prague.1.2.0\/?page_id=519"},"modified":"2018-11-27T17:07:49","modified_gmt":"2018-11-27T17:07:49","slug":"pricing-image","status":"publish","type":"page","link":"http:\/\/yapimekan.com.tr\/index.php\/pricing-image\/","title":{"rendered":"Pricing Image"},"content":{"rendered":"<p>[vc_row][vc_column width=&#8221;1\/2&#8243; offset=&#8221;vc_col-xs-12&#8243; css=&#8221;.vc_custom_1543338489211{margin-top: 100px !important;margin-right: 100px !important;margin-bottom: 10px !important;margin-left: 100px !important;}&#8221;][vc_pricing style=&#8221;featured_image&#8221; image=&#8221;526&#8243; subtitle=&#8221;Cerrahpa\u015fa \u00d6\u011frenci Yurdu&#8221; title=&#8221;Restorasyon Projesi&#8221; button=&#8221;url:http%3A%2F%2Fwp.themedemo.co\/prague%2Fcontact-us%2F|title:CONTINUE|target:%20_blank|&#8221; button_style=&#8221;arrow&#8221; button_link_class=&#8221;prague-pricing-link a-btn-arrow-2&#8243; button_span_class=&#8221;arrow-right&#8221;]Mimari sorumlulu\u011fumuzun \u015fuurunda olup<\/p>\n<p>tarih ve k\u00fclt\u00fcr\u00fcm\u00fcz\u00fc tozlu sayfalar aras\u0131nda b\u0131rakmamak<\/p>\n<p>i\u00e7in restorasyon iyi \u015fekilde koruyarak<\/p>\n<p>bla bla bla[\/vc_pricing][vc_pricing subtitle=&#8221;kgljgkj&#8221; price=&#8221;hjhjhg&#8221; button_style=&#8221;simple&#8221; button_link_class=&#8221;prague-pricing-link a-btn-2 simple&#8221; button_span_class=&#8221;a-btn-line&#8221;]jhgkjhlkj[\/vc_pricing][\/vc_column][vc_column width=&#8221;1\/2&#8243; offset=&#8221;vc_col-xs-12&#8243; css=&#8221;.vc_custom_1543338496999{margin-top: 100px !important;margin-right: 100px !important;margin-left: 100px !important;}&#8221;][vc_pricing style=&#8221;featured_image&#8221; image=&#8221;2488&#8243; subtitle=&#8221;from&#8221; price=&#8221;$14,000&#8243; title=&#8221;House&#8221; button=&#8221;url:http%3A%2F%2Fwp.themedemo.co\/prague%2Fcontact-us%2F|title:CONTINUE|target:%20_blank|&#8221; button_style=&#8221;arrow&#8221; button_link_class=&#8221;prague-pricing-link a-btn-arrow-2&#8243; button_span_class=&#8221;arrow-right&#8221;]Up to 170 meters<\/p>\n<p>Up to 9 rooms<\/p>\n<p>Large balcon area<\/p>\n<p>Room design included<\/p>\n<p>Electric outlets plan[\/vc_pricing][vc_pricing style=&#8221;featured_image&#8221; image=&#8221;525&#8243; subtitle=&#8221;from&#8221; price=&#8221;$35,000&#8243; title=&#8221;Residence&#8221; button=&#8221;url:http%3A%2F%2Fwp.themedemo.co\/prague%2Fcontact-us%2F|title:CONTINUE|target:%20_blank|&#8221; button_style=&#8221;arrow&#8221; button_link_class=&#8221;prague-pricing-link a-btn-arrow-2&#8243; button_span_class=&#8221;arrow-right&#8221;]Up to 300 meters<\/p>\n<p>Up to 15 rooms<\/p>\n<p>Large balcon area<\/p>\n<p>2 big pools<\/p>\n<p>4 cars parking[\/vc_pricing][\/vc_column][\/vc_row]<\/p>\n","protected":false},"excerpt":{"rendered":"<p>[vc_row][vc_column width=&#8221;1\/2&#8243; offset=&#8221;vc_col-xs-12&#8243; css=&#8221;.vc_custom_1543338489211{margin-top: 100px !important;margin-right: 100px !important;margin-bottom: 10px !important;margin-left: 100px !important;}&#8221;][vc_pricing style=&#8221;featured_image&#8221; image=&#8221;526&#8243; subtitle=&#8221;Cerrahpa\u015fa \u00d6\u011frenci Yurdu&#8221; title=&#8221;Restorasyon Projesi&#8221; button=&#8221;url:http%3A%2F%2Fwp.themedemo.co\/prague%2Fcontact-us%2F|title:CONTINUE|target:%20_blank|&#8221;<\/p>\n","protected":false},"author":1,"featured_media":0,"parent":0,"menu_order":0,"comment_status":"closed","ping_status":"closed","template":"","meta":{"footnotes":""},"class_list":["post-519","page","type-page","status-publish","hentry"],"_links":{"self":[{"href":"http:\/\/yapimekan.com.tr\/index.php\/wp-json\/wp\/v2\/pages\/519","targetHints":{"allow":["GET"]}}],"collection":[{"href":"http:\/\/yapimekan.com.tr\/index.php\/wp-json\/wp\/v2\/pages"}],"about":[{"href":"http:\/\/yapimekan.com.tr\/index.php\/wp-json\/wp\/v2\/types\/page"}],"author":[{"embeddable":true,"href":"http:\/\/yapimekan.com.tr\/index.php\/wp-json\/wp\/v2\/users\/1"}],"replies":[{"embeddable":true,"href":"http:\/\/yapimekan.com.tr\/index.php\/wp-json\/wp\/v2\/comments?post=519"}],"version-history":[{"count":9,"href":"http:\/\/yapimekan.com.tr\/index.php\/wp-json\/wp\/v2\/pages\/519\/revisions"}],"predecessor-version":[{"id":2629,"href":"http:\/\/yapimekan.com.tr\/index.php\/wp-json\/wp\/v2\/pages\/519\/revisions\/2629"}],"wp:attachment":[{"href":"http:\/\/yapimekan.com.tr\/index.php\/wp-json\/wp\/v2\/media?parent=519"}],"curies":[{"name":"wp","href":"https:\/\/api.w.org\/{rel}","templated":true}]}}